{"id":39,"date":"2026-01-20T02:18:59","date_gmt":"2026-01-20T02:18:59","guid":{"rendered":"https:\/\/artbychiusbaian.com\/?post_type=product&#038;p=39"},"modified":"2026-01-20T02:22:41","modified_gmt":"2026-01-20T02:22:41","slug":"hope-textured-abstract","status":"publish","type":"product","link":"https:\/\/artbychiusbaian.com\/ro\/produs\/hope-textured-abstract\/","title":{"rendered":"Hope (Speran\u021b\u0103)"},"content":{"rendered":"<p><em>Hope (Speran\u021b\u0103)<\/em> este o pictur\u0103 acrilic\u0103 abstract\u0103 original\u0103 pe p\u00e2nz\u0103 (80 \u00d7 100 cm) care exploreaz\u0103 echilibrul, emergenta \u0219i optimismul prin textur\u0103 stratificat\u0103, culoare \u0219i gesturi controlate. Creat\u0103 cu tehnici de pensul\u0103 \u0219i cu\u021bit de palet\u0103, opera de art\u0103 prezint\u0103 impasto intens \u0219i acrilice stratificate, rezult\u00e2nd o suprafa\u021b\u0103 tactil\u0103 ce interac\u021bioneaz\u0103 frumos cu lumina. Rozul \u00eendr\u0103zne\u021b contrasteaz\u0103 cu verdele proasp\u0103t de nuan\u021ba frunzelor \u00een \u00eentreaga compozi\u021bie, unde mi\u0219carea ritmic\u0103 \u0219i contrastele subtile ghideaz\u0103 privitorul prin momente de intensitate \u0219i calm. Perfect\u0103 pentru colec\u021bionarii de art\u0103 abstract\u0103 contemporan\u0103, Hope este o pies\u0103 de art\u0103 impun\u0103toare care combin\u0103 profunzimea material\u0103, energia vizual\u0103 \u0219i prezen\u021ba contemplativ\u0103.<\/p>","protected":false},"excerpt":{"rendered":"<p><em>Hope (Speran\u021b\u0103)<\/em> este o pictur\u0103 acrilic\u0103 abstract\u0103 texturat\u0103 pe p\u00e2nz\u0103 (80 \u00d7 100 cm), cu tonuri \u00eendr\u0103zne\u021be de roz \u0219i verdele frunzelor, straturi ritmice \u0219i gesturi impasto care transmit echilibru, emergent\u0103 \u0219i optimism vizual.<\/p>","protected":false},"featured_media":40,"template":"","meta":{"om_disable_all_campaigns":false,"_monsterinsights_skip_tracking":false,"_monsterinsights_sitenote_active":false,"_monsterinsights_sitenote_note":"","_monsterinsights_sitenote_category":0,"site-sidebar-layout":"default","site-content-layout":"","ast-site-content-layout":"default","site-content-style":"default","site-sidebar-style":"default","ast-global-header-display":"","ast-banner-title-visibility":"","ast-main-header-display":"","ast-hfb-above-header-display":"","ast-hfb-below-header-display":"","ast-hfb-mobile-header-display":"","site-post-title":"","ast-breadcrumbs-content":"","ast-featured-img":"","footer-sml-layout":"","ast-disable-related-posts":"","theme-transparent-header-meta":"default","adv-header-id-meta":"","stick-header-meta":"","header-above-stick-meta":"","header-main-stick-meta":"","header-below-stick-meta":"","astra-migrate-meta-layouts":"set","ast-page-background-enabled":"default","ast-page-background-meta":{"desktop":{"background-color":"var(--ast-global-color-5)","background-image":"","background-repeat":"repeat","background-position":"center center","background-size":"auto","background-attachment":"scroll","background-type":"","background-media":"","overlay-type":"","overlay-color":"","overlay-opacity":"","overlay-gradient":""},"tablet":{"background-color":"","background-image":"","background-repeat":"repeat","background-position":"center center","background-size":"auto","background-attachment":"scroll","background-type":"","background-media":"","overlay-type":"","overlay-color":"","overlay-opacity":"","overlay-gradient":""},"mobile":{"background-color":"","background-image":"","background-repeat":"repeat","background-position":"center center","background-size":"auto","background-attachment":"scroll","background-type":"","background-media":"","overlay-type":"","overlay-color":"","overlay-opacity":"","overlay-gradient":""}},"ast-content-background-meta":{"desktop":{"background-color":"var(--ast-global-color-4)","background-image":"","background-repeat":"repeat","background-position":"center center","background-size":"auto","background-attachment":"scroll","background-type":"","background-media":"","overlay-type":"","overlay-color":"","overlay-opacity":"","overlay-gradient":""},"tablet":{"background-color":"var(--ast-global-color-4)","background-image":"","background-repeat":"repeat","background-position":"center center","background-size":"auto","background-attachment":"scroll","background-type":"","background-media":"","overlay-type":"","overlay-color":"","overlay-opacity":"","overlay-gradient":""},"mobile":{"background-color":"var(--ast-global-color-4)","background-image":"","background-repeat":"repeat","background-position":"center center","background-size":"auto","background-attachment":"scroll","background-type":"","background-media":"","overlay-type":"","overlay-color":"","overlay-opacity":"","overlay-gradient":""}}},"product_brand":[],"product_cat":[16,17,18],"product_tag":[61,63,65,62,66,68,67,64,69,21],"class_list":{"0":"post-39","1":"product","2":"type-product","3":"status-publish","4":"has-post-thumbnail","6":"product_cat-abstract","7":"product_cat-acrylic","8":"product_cat-original-paintings","9":"product_tag-abstract-acrylic-painting","10":"product_tag-contemporary-abstract-art","11":"product_tag-green-abstract-painting","12":"product_tag-impasto-acrylic-painting","13":"product_tag-large-acrylic-painting","14":"product_tag-modern-wall-art","15":"product_tag-original-acrylic-on-canvas","16":"product_tag-pink-abstract-art","17":"product_tag-statement-abstract-painting","18":"product_tag-textured-painting","19":"desktop-align-left","20":"tablet-align-left","21":"mobile-align-left","23":"first","24":"instock","25":"sold-individually","26":"shipping-taxable","27":"purchasable","28":"product-type-simple"},"aioseo_notices":[],"_links":{"self":[{"href":"https:\/\/artbychiusbaian.com\/ro\/wp-json\/wp\/v2\/product\/39","targetHints":{"allow":["GET"]}}],"collection":[{"href":"https:\/\/artbychiusbaian.com\/ro\/wp-json\/wp\/v2\/product"}],"about":[{"href":"https:\/\/artbychiusbaian.com\/ro\/wp-json\/wp\/v2\/types\/product"}],"wp:featuredmedia":[{"embeddable":true,"href":"https:\/\/artbychiusbaian.com\/ro\/wp-json\/wp\/v2\/media\/40"}],"wp:attachment":[{"href":"https:\/\/artbychiusbaian.com\/ro\/wp-json\/wp\/v2\/media?parent=39"}],"wp:term":[{"taxonomy":"product_brand","embeddable":true,"href":"https:\/\/artbychiusbaian.com\/ro\/wp-json\/wp\/v2\/product_brand?post=39"},{"taxonomy":"product_cat","embeddable":true,"href":"https:\/\/artbychiusbaian.com\/ro\/wp-json\/wp\/v2\/product_cat?post=39"},{"taxonomy":"product_tag","embeddable":true,"href":"https:\/\/artbychiusbaian.com\/ro\/wp-json\/wp\/v2\/product_tag?post=39"}],"curies":[{"name":"wp","href":"https:\/\/api.w.org\/{rel}","templated":true}]}}