{"id":37,"date":"2026-01-20T02:01:26","date_gmt":"2026-01-20T02:01:26","guid":{"rendered":"https:\/\/artbychiusbaian.com\/?post_type=product&#038;p=37"},"modified":"2026-01-20T16:16:35","modified_gmt":"2026-01-20T16:16:35","slug":"breaking-the-ice-acrylic-on-canvas","status":"publish","type":"product","link":"https:\/\/artbychiusbaian.com\/ro\/produs\/breaking-the-ice-acrylic-on-canvas\/","title":{"rendered":"Breaking the Ice (Sp\u0103rg\u00e2nd Ghea\u021ba)"},"content":{"rendered":"<p><em>Breaking the Ice (Sp\u0103rg\u00e2nd Ghea\u021ba)<\/em> este o pictur\u0103 acrilic\u0103 abstract\u0103 original\u0103 pe p\u00e2nz\u0103 (80 \u00d7 100 cm) de Claudiu Chiusb\u0103ian. Opera de art\u0103 combin\u0103 pensularea \u0219i tehnicile de cu\u021bit cu palet\u0103 pentru a crea o suprafa\u021b\u0103 bogat texturat\u0103, care accentueaz\u0103 profunzimea materialului \u0219i tensiunea spa\u021bial\u0103. Tonurile mai reci \u0219i marcajele direc\u021bionale ghideaz\u0103 privitorul printr-o compozi\u021bie care echilibreaz\u0103 mi\u0219carea controlat\u0103 \u0219i momentele de perturbare. Perfect\u0103 pentru colec\u021bionarii de art\u0103 abstract\u0103 contemporan\u0103, aceast\u0103 pies\u0103 func\u021bioneaz\u0103 ca o declara\u021bie izbitoare \u00een orice interior modern.<\/p>","protected":false},"excerpt":{"rendered":"<p><em>Breaking the Ice (Sp\u0103rg\u00e2nd Ghea\u021ba)<\/em> este o pictur\u0103 acrilic\u0103 abstract\u0103 contemporan\u0103 de mari dimensiuni, cu straturi texturate, gesturi dinamice \u0219i contraste subtile. Suprafa\u021ba sa tactil\u0103 \u0219i lucrarea \u00eendr\u0103znea\u021b\u0103 realizat\u0103 cu un cu\u021bit de palet\u0103 invit\u0103 privitorii s\u0103 experimenteze tensiunea, eliberarea \u0219i transformarea.<\/p>","protected":false},"featured_media":38,"template":"","meta":{"om_disable_all_campaigns":false,"_monsterinsights_skip_tracking":false,"_monsterinsights_sitenote_active":false,"_monsterinsights_sitenote_note":"","_monsterinsights_sitenote_category":0,"site-sidebar-layout":"default","site-content-layout":"","ast-site-content-layout":"default","site-content-style":"default","site-sidebar-style":"default","ast-global-header-display":"","ast-banner-title-visibility":"","ast-main-header-display":"","ast-hfb-above-header-display":"","ast-hfb-below-header-display":"","ast-hfb-mobile-header-display":"","site-post-title":"","ast-breadcrumbs-content":"","ast-featured-img":"","footer-sml-layout":"","ast-disable-related-posts":"","theme-transparent-header-meta":"default","adv-header-id-meta":"","stick-header-meta":"","header-above-stick-meta":"","header-main-stick-meta":"","header-below-stick-meta":"","astra-migrate-meta-layouts":"set","ast-page-background-enabled":"default","ast-page-background-meta":{"desktop":{"background-color":"var(--ast-global-color-5)","background-image":"","background-repeat":"repeat","background-position":"center center","background-size":"auto","background-attachment":"scroll","background-type":"","background-media":"","overlay-type":"","overlay-color":"","overlay-opacity":"","overlay-gradient":""},"tablet":{"background-color":"","background-image":"","background-repeat":"repeat","background-position":"center center","background-size":"auto","background-attachment":"scroll","background-type":"","background-media":"","overlay-type":"","overlay-color":"","overlay-opacity":"","overlay-gradient":""},"mobile":{"background-color":"","background-image":"","background-repeat":"repeat","background-position":"center center","background-size":"auto","background-attachment":"scroll","background-type":"","background-media":"","overlay-type":"","overlay-color":"","overlay-opacity":"","overlay-gradient":""}},"ast-content-background-meta":{"desktop":{"background-color":"var(--ast-global-color-4)","background-image":"","background-repeat":"repeat","background-position":"center center","background-size":"auto","background-attachment":"scroll","background-type":"","background-media":"","overlay-type":"","overlay-color":"","overlay-opacity":"","overlay-gradient":""},"tablet":{"background-color":"var(--ast-global-color-4)","background-image":"","background-repeat":"repeat","background-position":"center center","background-size":"auto","background-attachment":"scroll","background-type":"","background-media":"","overlay-type":"","overlay-color":"","overlay-opacity":"","overlay-gradient":""},"mobile":{"background-color":"var(--ast-global-color-4)","background-image":"","background-repeat":"repeat","background-position":"center center","background-size":"auto","background-attachment":"scroll","background-type":"","background-media":"","overlay-type":"","overlay-color":"","overlay-opacity":"","overlay-gradient":""}}},"product_brand":[],"product_cat":[16,17,29,18],"product_tag":[61,72,63,71,68,67,70,69,21],"class_list":{"0":"post-37","1":"product","2":"type-product","3":"status-publish","4":"has-post-thumbnail","6":"product_cat-abstract","7":"product_cat-acrylic","8":"product_cat-blue-abstract","9":"product_cat-original-paintings","10":"product_tag-abstract-acrylic-painting","11":"product_tag-collector-abstract-art","12":"product_tag-contemporary-abstract-art","13":"product_tag-large-abstract-painting","14":"product_tag-modern-wall-art","15":"product_tag-original-acrylic-on-canvas","16":"product_tag-palette-knife-painting","17":"product_tag-statement-abstract-painting","18":"product_tag-textured-painting","19":"desktop-align-left","20":"tablet-align-left","21":"mobile-align-left","23":"first","24":"instock","25":"featured","26":"sold-individually","27":"shipping-taxable","28":"purchasable","29":"product-type-simple"},"aioseo_notices":[],"_links":{"self":[{"href":"https:\/\/artbychiusbaian.com\/ro\/wp-json\/wp\/v2\/product\/37","targetHints":{"allow":["GET"]}}],"collection":[{"href":"https:\/\/artbychiusbaian.com\/ro\/wp-json\/wp\/v2\/product"}],"about":[{"href":"https:\/\/artbychiusbaian.com\/ro\/wp-json\/wp\/v2\/types\/product"}],"wp:featuredmedia":[{"embeddable":true,"href":"https:\/\/artbychiusbaian.com\/ro\/wp-json\/wp\/v2\/media\/38"}],"wp:attachment":[{"href":"https:\/\/artbychiusbaian.com\/ro\/wp-json\/wp\/v2\/media?parent=37"}],"wp:term":[{"taxonomy":"product_brand","embeddable":true,"href":"https:\/\/artbychiusbaian.com\/ro\/wp-json\/wp\/v2\/product_brand?post=37"},{"taxonomy":"product_cat","embeddable":true,"href":"https:\/\/artbychiusbaian.com\/ro\/wp-json\/wp\/v2\/product_cat?post=37"},{"taxonomy":"product_tag","embeddable":true,"href":"https:\/\/artbychiusbaian.com\/ro\/wp-json\/wp\/v2\/product_tag?post=37"}],"curies":[{"name":"wp","href":"https:\/\/api.w.org\/{rel}","templated":true}]}}