{"id":10,"date":"2026-01-18T16:52:36","date_gmt":"2026-01-18T16:52:36","guid":{"rendered":"https:\/\/slategray-ferret-398749.hostingersite.com\/?post_type=product&#038;p=10"},"modified":"2026-01-20T16:17:16","modified_gmt":"2026-01-20T16:17:16","slug":"towards-the-summit","status":"publish","type":"product","link":"https:\/\/artbychiusbaian.com\/ro\/produs\/towards-the-summit\/","title":{"rendered":"Towards the Summit (C\u0103tre V\u00e2rf)"},"content":{"rendered":"<p><em>Towards the Summit (C\u0103tre V\u00e2rf)<\/em> este o pictur\u0103 acrilic\u0103 abstract\u0103 texturat\u0103 original\u0103 pe p\u00e2nz\u0103, cu dimensiunile de 80cm x 100cm, creat\u0103 \u00een 2020. Opera de art\u0103 prezint\u0103 tu\u0219e \u00eendr\u0103zne\u021be \u0219i dinamice, precum \u0219i vopsea groas\u0103, stratificat\u0103, aplicat\u0103 cu o spatul\u0103, cre\u00e2nd o textur\u0103 bogat\u0103, tactil\u0103, ce surprinde energia \u0219i determinarea luptei c\u0103tre atingerea obiectivelor. Perfect\u0103 pentru colec\u021bionarii de art\u0103, decora\u021biuni interioare contemporane \u0219i iubitorii de art\u0103 abstract\u0103. Disponibil\u0103 pentru achizi\u021bionare cu livrare \u00een \u00eentreaga lume. Pentru \u00eentreb\u0103ri, v\u0103 rug\u0103m s\u0103 ne contacta\u021bi prin e-mail sau WhatsApp.<\/p>\n<p>Titlu: Towards the Summit (C\u0103tre V\u00e2rf)<br \/>\nAn: 2020<br \/>\nMediu: Acrilic pe p\u00e2nz\u0103<br \/>\nTehnic\u0103: Pensul\u0103 \u0219i spatul\u0103, textur\u0103 dens\u0103<br \/>\nDimensiuni: 80 x 100 cm<br \/>\nCondi\u021bie: Nou<br \/>\nSemn\u0103tur\u0103: Semnat de artist<br \/>\nRam\u0103: F\u0103r\u0103 ram\u0103<br \/>\nAutenticitate: Certificat de autenticitate inclus<br \/>\nLivrare: Ambalat cu grij\u0103, livrare disponibil\u0103 \u00een \u00eentreaga lume<\/p>","protected":false},"excerpt":{"rendered":"<p><em>Towards the Summit (C\u0103tre V\u00e2rf)<\/em> este o pictur\u0103 acrilic\u0103 abstract\u0103 texturat\u0103 pe p\u00e2nz\u0103, creat\u0103 \u00een 2020. Tu\u0219erile \u00eendr\u0103zne\u021be de pensul\u0103 \u0219i tehnicile de spatul\u0103 confer\u0103 operei de art\u0103 de 80\u00d7100 cm o profunzime tactil\u0103 \u0219i dinamic\u0103.<\/p>","protected":false},"featured_media":17,"template":"","meta":{"om_disable_all_campaigns":false,"_monsterinsights_skip_tracking":false,"_monsterinsights_sitenote_active":false,"_monsterinsights_sitenote_note":"","_monsterinsights_sitenote_category":0,"site-sidebar-layout":"default","site-content-layout":"","ast-site-content-layout":"default","site-content-style":"default","site-sidebar-style":"default","ast-global-header-display":"","ast-banner-title-visibility":"","ast-main-header-display":"","ast-hfb-above-header-display":"","ast-hfb-below-header-display":"","ast-hfb-mobile-header-display":"","site-post-title":"","ast-breadcrumbs-content":"","ast-featured-img":"","footer-sml-layout":"","ast-disable-related-posts":"","theme-transparent-header-meta":"default","adv-header-id-meta":"","stick-header-meta":"","header-above-stick-meta":"","header-main-stick-meta":"","header-below-stick-meta":"","astra-migrate-meta-layouts":"set","ast-page-background-enabled":"default","ast-page-background-meta":{"desktop":{"background-color":"var(--ast-global-color-5)","background-image":"","background-repeat":"repeat","background-position":"center center","background-size":"auto","background-attachment":"scroll","background-type":"","background-media":"","overlay-type":"","overlay-color":"","overlay-opacity":"","overlay-gradient":""},"tablet":{"background-color":"","background-image":"","background-repeat":"repeat","background-position":"center center","background-size":"auto","background-attachment":"scroll","background-type":"","background-media":"","overlay-type":"","overlay-color":"","overlay-opacity":"","overlay-gradient":""},"mobile":{"background-color":"","background-image":"","background-repeat":"repeat","background-position":"center center","background-size":"auto","background-attachment":"scroll","background-type":"","background-media":"","overlay-type":"","overlay-color":"","overlay-opacity":"","overlay-gradient":""}},"ast-content-background-meta":{"desktop":{"background-color":"var(--ast-global-color-4)","background-image":"","background-repeat":"repeat","background-position":"center center","background-size":"auto","background-attachment":"scroll","background-type":"","background-media":"","overlay-type":"","overlay-color":"","overlay-opacity":"","overlay-gradient":""},"tablet":{"background-color":"var(--ast-global-color-4)","background-image":"","background-repeat":"repeat","background-position":"center center","background-size":"auto","background-attachment":"scroll","background-type":"","background-media":"","overlay-type":"","overlay-color":"","overlay-opacity":"","overlay-gradient":""},"mobile":{"background-color":"var(--ast-global-color-4)","background-image":"","background-repeat":"repeat","background-position":"center center","background-size":"auto","background-attachment":"scroll","background-type":"","background-media":"","overlay-type":"","overlay-color":"","overlay-opacity":"","overlay-gradient":""}}},"product_brand":[],"product_cat":[16,17,18,60],"product_tag":[27,19,20,54,31,22,55,24,35,48,56,57,36,23,58,49,25,46,50,52,28,21,53,59,26,45,51],"class_list":{"0":"post-10","1":"product","2":"type-product","3":"status-publish","4":"has-post-thumbnail","6":"product_cat-abstract","7":"product_cat-acrylic","8":"product_cat-original-paintings","9":"product_cat-red-abstract","10":"product_tag-2020-painting","11":"product_tag-abstract-painting","12":"product_tag-acrylic-painting","13":"product_tag-ascending","14":"product_tag-brush-and-spatula-painting","15":"product_tag-canvas-art","16":"product_tag-climbing","17":"product_tag-contemporary-painting","18":"product_tag-expressionist-painting","19":"product_tag-fine-art-for-collectors","20":"product_tag-growth-and-progress","21":"product_tag-journey-in-abstract","22":"product_tag-minimalist-abstract","23":"product_tag-modern-art","24":"product_tag-motivational-wall-art","25":"product_tag-mountain-inspired-painting","26":"product_tag-original-artwork","27":"product_tag-original-painting-for-home","28":"product_tag-peak-painting","29":"product_tag-red-painting","30":"product_tag-tactile-art","31":"product_tag-textured-painting","32":"product_tag-towards-the-summit","33":"product_tag-unique-gift-for-art-lovers","34":"product_tag-wall-art","35":"product_tag-wall-art-for-living-room","36":"product_tag-warm-tones-abstract","37":"desktop-align-left","38":"tablet-align-left","39":"mobile-align-left","41":"first","42":"instock","43":"featured","44":"sold-individually","45":"shipping-taxable","46":"purchasable","47":"product-type-simple"},"aioseo_notices":[],"_links":{"self":[{"href":"https:\/\/artbychiusbaian.com\/ro\/wp-json\/wp\/v2\/product\/10","targetHints":{"allow":["GET"]}}],"collection":[{"href":"https:\/\/artbychiusbaian.com\/ro\/wp-json\/wp\/v2\/product"}],"about":[{"href":"https:\/\/artbychiusbaian.com\/ro\/wp-json\/wp\/v2\/types\/product"}],"wp:featuredmedia":[{"embeddable":true,"href":"https:\/\/artbychiusbaian.com\/ro\/wp-json\/wp\/v2\/media\/17"}],"wp:attachment":[{"href":"https:\/\/artbychiusbaian.com\/ro\/wp-json\/wp\/v2\/media?parent=10"}],"wp:term":[{"taxonomy":"product_brand","embeddable":true,"href":"https:\/\/artbychiusbaian.com\/ro\/wp-json\/wp\/v2\/product_brand?post=10"},{"taxonomy":"product_cat","embeddable":true,"href":"https:\/\/artbychiusbaian.com\/ro\/wp-json\/wp\/v2\/product_cat?post=10"},{"taxonomy":"product_tag","embeddable":true,"href":"https:\/\/artbychiusbaian.com\/ro\/wp-json\/wp\/v2\/product_tag?post=10"}],"curies":[{"name":"wp","href":"https:\/\/api.w.org\/{rel}","templated":true}]}}