{"id":96,"date":"2026-01-22T21:06:32","date_gmt":"2026-01-22T21:06:32","guid":{"rendered":"https:\/\/artbychiusbaian.com\/?page_id=96"},"modified":"2026-01-24T16:56:34","modified_gmt":"2026-01-24T16:56:34","slug":"about-the-artist","status":"publish","type":"page","link":"https:\/\/artbychiusbaian.com\/ro\/about-the-artist\/","title":{"rendered":"Despre Artist"},"content":{"rendered":"<figure class=\"wp-block-image aligncenter size-large is-resized wp-duotone-unset-1\"><img loading=\"lazy\" decoding=\"async\" width=\"1024\" height=\"932\" src=\"https:\/\/artbychiusbaian.com\/wp-content\/uploads\/2026\/01\/claudiu-chiusbaian-artbychiusbaian-abstract-painter-1024x932.jpg\" alt=\"Portrait of abstract painter Claudiu Chiusbaian\" class=\"wp-image-151\" style=\"aspect-ratio:1.0987250885994384;width:501px;height:auto\" srcset=\"https:\/\/artbychiusbaian.com\/wp-content\/uploads\/2026\/01\/claudiu-chiusbaian-artbychiusbaian-abstract-painter-1024x932.jpg 1024w, https:\/\/artbychiusbaian.com\/wp-content\/uploads\/2026\/01\/claudiu-chiusbaian-artbychiusbaian-abstract-painter-300x273.jpg 300w, https:\/\/artbychiusbaian.com\/wp-content\/uploads\/2026\/01\/claudiu-chiusbaian-artbychiusbaian-abstract-painter-768x699.jpg 768w, https:\/\/artbychiusbaian.com\/wp-content\/uploads\/2026\/01\/claudiu-chiusbaian-artbychiusbaian-abstract-painter-1536x1398.jpg 1536w, https:\/\/artbychiusbaian.com\/wp-content\/uploads\/2026\/01\/claudiu-chiusbaian-artbychiusbaian-abstract-painter-600x546.jpg 600w, https:\/\/artbychiusbaian.com\/wp-content\/uploads\/2026\/01\/claudiu-chiusbaian-artbychiusbaian-abstract-painter.jpg 2000w\" sizes=\"auto, (max-width: 1024px) 100vw, 1024px\" \/><\/figure>\n\n\n\n<div style=\"height:68px\" aria-hidden=\"true\" class=\"wp-block-spacer\"><\/div>\n\n\n\n<p>Claudiu Chiusb\u0103ian este un artist contemporan rom\u00e2n specializat \u00een picturi abstracte \u00een acrilic \u0219i ulei pe p\u00e2nz\u0103. \u00cenc\u0103 de la o v\u00e2rst\u0103 fraged\u0103, Claudiu a fost atras de puterea expresiv\u0103 a culorii, texturii \u0219i formei, explor\u00e2nd modul \u00een care abstrac\u021bia poate transmite emo\u021bie, energie \u0219i g\u00e2ndire dincolo de reprezentarea literal\u0103.<\/p>\n\n\n\n<p>Opera sa este caracterizat\u0103 de compozi\u021bii \u00eendr\u0103zne\u021be, texturi bogate \u0219i palete de culori vibrante, fiecare pies\u0103 invit\u00e2nd privitorul s\u0103 experimenteze emo\u021bia \u0219i interpretarea la un nivel personal. Picturile lui Claudiu reflect\u0103 o implicare profund\u0103 cu materialul \u0219i un angajament fa\u021b\u0103 de puterea transformatoare a artei.<\/p>\n\n\n\n<p>Prin intermediul brandului Art by Chiusb\u0103ian, Claudiu \u00ee\u0219i \u00eemp\u0103rt\u0103\u0219e\u0219te viziunea cu colec\u021bionarii \u0219i pasiona\u021bii de art\u0103 din \u00eentreaga lume, celebr\u00e2nd frumuse\u021bea \u0219i libertatea expresiei abstracte. Picturile sale sunt incluse \u00een colec\u021bii private \u0219i expuse \u00een galerii, c\u00e2\u0219tig\u00e2nd recunoa\u0219tere pentru originalitatea \u0219i for\u021ba lor emo\u021bional\u0103.<\/p>","protected":false},"excerpt":{"rendered":"<p>Claudiu Chiusb\u0103ian is a contemporary Romanian artist specializing in abstract paintings in acrylic and oil on canvas. From an early [&hellip;]<\/p>","protected":false},"author":1,"featured_media":0,"parent":0,"menu_order":0,"comment_status":"closed","ping_status":"closed","template":"","meta":{"om_disable_all_campaigns":false,"_monsterinsights_skip_tracking":false,"_monsterinsights_sitenote_active":false,"_monsterinsights_sitenote_note":"","_monsterinsights_sitenote_category":0,"site-sidebar-layout":"default","site-content-layout":"","ast-site-content-layout":"default","site-content-style":"default","site-sidebar-style":"default","ast-global-header-display":"","ast-banner-title-visibility":"","ast-main-header-display":"","ast-hfb-above-header-display":"","ast-hfb-below-header-display":"","ast-hfb-mobile-header-display":"","site-post-title":"","ast-breadcrumbs-content":"","ast-featured-img":"","footer-sml-layout":"","ast-disable-related-posts":"","theme-transparent-header-meta":"","adv-header-id-meta":"","stick-header-meta":"","header-above-stick-meta":"","header-main-stick-meta":"","header-below-stick-meta":"","astra-migrate-meta-layouts":"default","ast-page-background-enabled":"default","ast-page-background-meta":{"desktop":{"background-color":"var(--ast-global-color-5)","background-image":"","background-repeat":"repeat","background-position":"center center","background-size":"auto","background-attachment":"scroll","background-type":"","background-media":"","overlay-type":"","overlay-color":"","overlay-opacity":"","overlay-gradient":""},"tablet":{"background-color":"","background-image":"","background-repeat":"repeat","background-position":"center center","background-size":"auto","background-attachment":"scroll","background-type":"","background-media":"","overlay-type":"","overlay-color":"","overlay-opacity":"","overlay-gradient":""},"mobile":{"background-color":"","background-image":"","background-repeat":"repeat","background-position":"center center","background-size":"auto","background-attachment":"scroll","background-type":"","background-media":"","overlay-type":"","overlay-color":"","overlay-opacity":"","overlay-gradient":""}},"ast-content-background-meta":{"desktop":{"background-color":"var(--ast-global-color-4)","background-image":"","background-repeat":"repeat","background-position":"center center","background-size":"auto","background-attachment":"scroll","background-type":"","background-media":"","overlay-type":"","overlay-color":"","overlay-opacity":"","overlay-gradient":""},"tablet":{"background-color":"var(--ast-global-color-4)","background-image":"","background-repeat":"repeat","background-position":"center center","background-size":"auto","background-attachment":"scroll","background-type":"","background-media":"","overlay-type":"","overlay-color":"","overlay-opacity":"","overlay-gradient":""},"mobile":{"background-color":"var(--ast-global-color-4)","background-image":"","background-repeat":"repeat","background-position":"center center","background-size":"auto","background-attachment":"scroll","background-type":"","background-media":"","overlay-type":"","overlay-color":"","overlay-opacity":"","overlay-gradient":""}},"footnotes":""},"class_list":["post-96","page","type-page","status-publish","hentry"],"aioseo_notices":[],"_hostinger_reach_plugin_has_subscription_block":false,"_hostinger_reach_plugin_is_elementor":false,"_links":{"self":[{"href":"https:\/\/artbychiusbaian.com\/ro\/wp-json\/wp\/v2\/pages\/96","targetHints":{"allow":["GET"]}}],"collection":[{"href":"https:\/\/artbychiusbaian.com\/ro\/wp-json\/wp\/v2\/pages"}],"about":[{"href":"https:\/\/artbychiusbaian.com\/ro\/wp-json\/wp\/v2\/types\/page"}],"author":[{"embeddable":true,"href":"https:\/\/artbychiusbaian.com\/ro\/wp-json\/wp\/v2\/users\/1"}],"replies":[{"embeddable":true,"href":"https:\/\/artbychiusbaian.com\/ro\/wp-json\/wp\/v2\/comments?post=96"}],"version-history":[{"count":2,"href":"https:\/\/artbychiusbaian.com\/ro\/wp-json\/wp\/v2\/pages\/96\/revisions"}],"predecessor-version":[{"id":152,"href":"https:\/\/artbychiusbaian.com\/ro\/wp-json\/wp\/v2\/pages\/96\/revisions\/152"}],"wp:attachment":[{"href":"https:\/\/artbychiusbaian.com\/ro\/wp-json\/wp\/v2\/media?parent=96"}],"curies":[{"name":"wp","href":"https:\/\/api.w.org\/{rel}","templated":true}]}}