{"id":49,"date":"2026-01-20T15:53:12","date_gmt":"2026-01-20T15:53:12","guid":{"rendered":"https:\/\/artbychiusbaian.com\/?page_id=49"},"modified":"2026-01-25T01:22:57","modified_gmt":"2026-01-25T01:22:57","slug":"home","status":"publish","type":"page","link":"https:\/\/artbychiusbaian.com\/ro\/","title":{"rendered":"Acas\u0103"},"content":{"rendered":"<h1 class=\"wp-block-heading has-text-align-center\"><strong>Picturi abstracte contemporane de Claudiu Chiusb\u0103ian<\/strong><\/h1>\n\n\n\n<h2 class=\"wp-block-heading has-text-align-center\"><strong>Picturi originale \u00een acrilic \u0219i ulei care exploreaz\u0103 echilibrul, emo\u021bia \u0219i gestul texturat prin intermediul culorilor expresive<\/strong><\/h2>\n\n\n\n<div style=\"height:27px\" aria-hidden=\"true\" class=\"wp-block-spacer\"><\/div>\n\n\n\n<div class=\"wp-block-columns is-layout-flex wp-container-core-columns-is-layout-28f84493 wp-block-columns-is-layout-flex\">\n<div class=\"wp-block-column is-layout-flow wp-block-column-is-layout-flow\">\n<figure class=\"wp-block-image size-large\"><img loading=\"lazy\" decoding=\"async\" width=\"1024\" height=\"467\" src=\"https:\/\/artbychiusbaian.com\/wp-content\/uploads\/2026\/01\/artbychiusbaian-claudiu-chiusbaian-abstract-acrylic-textured-painting-frozen-ascent-detail-1024x467.jpg\" alt=\"Textured detail of an expressive and abstract acrylic painting by Claudiu Chiusbaian, that resembles a frozen mountain\" class=\"wp-image-78\" srcset=\"https:\/\/artbychiusbaian.com\/wp-content\/uploads\/2026\/01\/artbychiusbaian-claudiu-chiusbaian-abstract-acrylic-textured-painting-frozen-ascent-detail-1024x467.jpg 1024w, https:\/\/artbychiusbaian.com\/wp-content\/uploads\/2026\/01\/artbychiusbaian-claudiu-chiusbaian-abstract-acrylic-textured-painting-frozen-ascent-detail-300x137.jpg 300w, https:\/\/artbychiusbaian.com\/wp-content\/uploads\/2026\/01\/artbychiusbaian-claudiu-chiusbaian-abstract-acrylic-textured-painting-frozen-ascent-detail-768x350.jpg 768w, https:\/\/artbychiusbaian.com\/wp-content\/uploads\/2026\/01\/artbychiusbaian-claudiu-chiusbaian-abstract-acrylic-textured-painting-frozen-ascent-detail-1536x701.jpg 1536w, https:\/\/artbychiusbaian.com\/wp-content\/uploads\/2026\/01\/artbychiusbaian-claudiu-chiusbaian-abstract-acrylic-textured-painting-frozen-ascent-detail-600x274.jpg 600w, https:\/\/artbychiusbaian.com\/wp-content\/uploads\/2026\/01\/artbychiusbaian-claudiu-chiusbaian-abstract-acrylic-textured-painting-frozen-ascent-detail.jpg 1600w\" sizes=\"auto, (max-width: 1024px) 100vw, 1024px\" \/><\/figure>\n\n\n\n<p>Claudiu Chiusb\u0103ian se inspir\u0103 din energia brut\u0103 a mun\u021bilor \u0219i a naturii, traduc\u00e2nd emo\u021bii intense \u00een picturi acrilice abstracte care umplu p\u00e2nza cu texturi vii \u0219i mi\u0219care.<\/p>\n<\/div>\n\n\n\n<div class=\"wp-block-column is-layout-flow wp-block-column-is-layout-flow\">\n<figure class=\"wp-block-image size-large featured-painting\"><img loading=\"lazy\" decoding=\"async\" width=\"1024\" height=\"467\" src=\"https:\/\/artbychiusbaian.com\/wp-content\/uploads\/2026\/01\/artbychiusbaian-claudiu-chiusbaian-abstract-acrylic-textured-painting-towards-the-summit-detail-1024x467.jpg\" alt=\"Detail of the abstract acrylic painting Towards the Summit by Claudiu Chiusbaian, shouwing textured brushstrokes, vivid colors and expressive energy\" class=\"wp-image-79\" srcset=\"https:\/\/artbychiusbaian.com\/wp-content\/uploads\/2026\/01\/artbychiusbaian-claudiu-chiusbaian-abstract-acrylic-textured-painting-towards-the-summit-detail-1024x467.jpg 1024w, https:\/\/artbychiusbaian.com\/wp-content\/uploads\/2026\/01\/artbychiusbaian-claudiu-chiusbaian-abstract-acrylic-textured-painting-towards-the-summit-detail-300x137.jpg 300w, https:\/\/artbychiusbaian.com\/wp-content\/uploads\/2026\/01\/artbychiusbaian-claudiu-chiusbaian-abstract-acrylic-textured-painting-towards-the-summit-detail-768x350.jpg 768w, https:\/\/artbychiusbaian.com\/wp-content\/uploads\/2026\/01\/artbychiusbaian-claudiu-chiusbaian-abstract-acrylic-textured-painting-towards-the-summit-detail-1536x700.jpg 1536w, https:\/\/artbychiusbaian.com\/wp-content\/uploads\/2026\/01\/artbychiusbaian-claudiu-chiusbaian-abstract-acrylic-textured-painting-towards-the-summit-detail-600x274.jpg 600w, https:\/\/artbychiusbaian.com\/wp-content\/uploads\/2026\/01\/artbychiusbaian-claudiu-chiusbaian-abstract-acrylic-textured-painting-towards-the-summit-detail.jpg 1700w\" sizes=\"auto, (max-width: 1024px) 100vw, 1024px\" \/><\/figure>\n\n\n\n<p>Opera sa surprinde tensiunea \u0219i haosul lumii naturale, folosind tu\u0219e stratificate de pensul\u0103 \u0219i spatul\u0103, cu culori \u00eendr\u0103zne\u021be pentru a exprima emo\u021biile din spatele fiec\u0103rei compozi\u021bii abstracte.<\/p>\n<\/div>\n\n\n\n<div class=\"wp-block-column is-layout-flow wp-block-column-is-layout-flow\">\n<figure class=\"wp-block-image size-large featured-painting\"><img loading=\"lazy\" decoding=\"async\" width=\"1024\" height=\"467\" src=\"https:\/\/artbychiusbaian.com\/wp-content\/uploads\/2026\/01\/artbychiusbaian-claudiu-chiusbaian-abstract-acrylic-textured-painting-shapes-of-the-unknown-detail-1024x467.jpg\" alt=\"Textured detail of the abstract acrylic painting by Claudiu Chiusbaian named Shapes of the Unknown, showing sky blue paint surrounded by black\" class=\"wp-image-80\" srcset=\"https:\/\/artbychiusbaian.com\/wp-content\/uploads\/2026\/01\/artbychiusbaian-claudiu-chiusbaian-abstract-acrylic-textured-painting-shapes-of-the-unknown-detail-1024x467.jpg 1024w, https:\/\/artbychiusbaian.com\/wp-content\/uploads\/2026\/01\/artbychiusbaian-claudiu-chiusbaian-abstract-acrylic-textured-painting-shapes-of-the-unknown-detail-300x137.jpg 300w, https:\/\/artbychiusbaian.com\/wp-content\/uploads\/2026\/01\/artbychiusbaian-claudiu-chiusbaian-abstract-acrylic-textured-painting-shapes-of-the-unknown-detail-768x350.jpg 768w, https:\/\/artbychiusbaian.com\/wp-content\/uploads\/2026\/01\/artbychiusbaian-claudiu-chiusbaian-abstract-acrylic-textured-painting-shapes-of-the-unknown-detail-600x274.jpg 600w, https:\/\/artbychiusbaian.com\/wp-content\/uploads\/2026\/01\/artbychiusbaian-claudiu-chiusbaian-abstract-acrylic-textured-painting-shapes-of-the-unknown-detail.jpg 1500w\" sizes=\"auto, (max-width: 1024px) 100vw, 1024px\" \/><\/figure>\n\n\n\n<p>Fiecare pictur\u0103 este o explorare a sentimentului \u0219i a formei, unde pasiunea lui Claudiu Chiusb\u0103ian pentru culoare, textur\u0103 \u0219i intensitate expresiv\u0103 invit\u0103 privitorii s\u0103 experimenteze energia lumii abstracte pe care o creeaz\u0103.<\/p>\n<\/div>\n<\/div>\n\n\n\n<div class=\"wp-block-buttons is-content-justification-center is-layout-flex wp-container-core-buttons-is-layout-a89b3969 wp-block-buttons-is-layout-flex\">\n<div class=\"wp-block-button\"><a class=\"wp-block-button__link wp-element-button\" href=\"https:\/\/artbychiusbaian.com\/ro\/shop\/\">Galerie<\/a><\/div>\n<\/div>\n\n\n\n<div style=\"height:182px\" aria-hidden=\"true\" class=\"wp-block-spacer\"><\/div>\n\n\n\n<figure class=\"wp-block-image aligncenter size-full is-resized wp-duotone-grayscale\"><img loading=\"lazy\" decoding=\"async\" width=\"200\" height=\"182\" src=\"https:\/\/artbychiusbaian.com\/wp-content\/uploads\/2026\/01\/claudiu-chiusbaian-abstract-painter.jpg\" alt=\"Portrait of abstract painter Claudiu Chiusb\u0103ian\" class=\"wp-image-102\" style=\"aspect-ratio:1.0989291752770993;width:207px;height:auto\"\/><\/figure>\n\n\n\n<details class=\"wp-block-details is-layout-flow wp-block-details-is-layout-flow\"><summary>Claudiu Chiusb\u0103ian este un pictor abstract care transform\u0103 emo\u021bii intense \u00een p\u00e2nze vii, texturate. Opera sa surprinde tensiunea \u0219i mi\u0219carea prin culori \u00eendr\u0103zne\u021be, tu\u0219e stratificate de pensul\u0103 \u0219i spatul\u0103, precum \u0219i energie expresiv\u0103.  <\/summary>\n<p><\/p>\n<\/details>\n\n\n\n<div class=\"wp-block-buttons is-content-justification-center is-layout-flex wp-container-core-buttons-is-layout-a89b3969 wp-block-buttons-is-layout-flex\">\n<div class=\"wp-block-button\"><a class=\"wp-block-button__link wp-element-button\" href=\"https:\/\/artbychiusbaian.com\/ro\/about-the-artist\/\">Despre Artist<\/a><\/div>\n<\/div>\n\n\n\n<div style=\"height:176px\" aria-hidden=\"true\" class=\"wp-block-spacer\"><\/div>\n\n\n\n<h2 class=\"wp-block-heading has-text-align-center\"><strong>Tablouri Selectate<\/strong><\/h2>\n\n\n\n<div class=\"wp-block-columns is-layout-flex wp-container-core-columns-is-layout-28f84493 wp-block-columns-is-layout-flex\">\n<div class=\"wp-block-column is-layout-flow wp-block-column-is-layout-flow\">\n<div class=\"wp-block-group is-layout-constrained wp-block-group-is-layout-constrained\">\n<figure class=\"wp-block-image size-large featured-painting\"><a href=\"https:\/\/artbychiusbaian.com\/ro\/produs\/breaking-the-ice-acrylic-on-canvas\/\"><img loading=\"lazy\" decoding=\"async\" width=\"1024\" height=\"781\" src=\"https:\/\/artbychiusbaian.com\/wp-content\/uploads\/2026\/01\/textured-abstract-acrylic-painting-breaking-the-ice-1024x781.jpg\" alt=\"Breaking the Ice, 80x100 cm, contemporary abstract acrylic painting with textured layers and palette knife technique\" class=\"wp-image-38\" srcset=\"https:\/\/artbychiusbaian.com\/wp-content\/uploads\/2026\/01\/textured-abstract-acrylic-painting-breaking-the-ice-1024x781.jpg 1024w, https:\/\/artbychiusbaian.com\/wp-content\/uploads\/2026\/01\/textured-abstract-acrylic-painting-breaking-the-ice-600x458.jpg 600w, https:\/\/artbychiusbaian.com\/wp-content\/uploads\/2026\/01\/textured-abstract-acrylic-painting-breaking-the-ice-300x229.jpg 300w, https:\/\/artbychiusbaian.com\/wp-content\/uploads\/2026\/01\/textured-abstract-acrylic-painting-breaking-the-ice-768x586.jpg 768w, https:\/\/artbychiusbaian.com\/wp-content\/uploads\/2026\/01\/textured-abstract-acrylic-painting-breaking-the-ice-1536x1172.jpg 1536w, https:\/\/artbychiusbaian.com\/wp-content\/uploads\/2026\/01\/textured-abstract-acrylic-painting-breaking-the-ice.jpg 2000w\" sizes=\"auto, (max-width: 1024px) 100vw, 1024px\" \/><\/a><\/figure>\n<\/div>\n<\/div>\n\n\n\n<div class=\"wp-block-column is-layout-flow wp-block-column-is-layout-flow\">\n<div class=\"wp-block-group featured-painting is-layout-constrained wp-block-group-is-layout-constrained\">\n<figure class=\"wp-block-image size-large\"><a href=\"https:\/\/artbychiusbaian.com\/ro\/produs\/towards-the-summit\/\"><img loading=\"lazy\" decoding=\"async\" width=\"1024\" height=\"670\" src=\"https:\/\/artbychiusbaian.com\/wp-content\/uploads\/2026\/01\/towards-the-summit-textured-abstract-acrylic-painting-1024x670.jpg\" alt=\"Towards the Summit - Original Textured Abstract Acrylic Painting, 80x100cm\" class=\"wp-image-17\" srcset=\"https:\/\/artbychiusbaian.com\/wp-content\/uploads\/2026\/01\/towards-the-summit-textured-abstract-acrylic-painting-1024x670.jpg 1024w, https:\/\/artbychiusbaian.com\/wp-content\/uploads\/2026\/01\/towards-the-summit-textured-abstract-acrylic-painting-600x392.jpg 600w, https:\/\/artbychiusbaian.com\/wp-content\/uploads\/2026\/01\/towards-the-summit-textured-abstract-acrylic-painting-300x196.jpg 300w, https:\/\/artbychiusbaian.com\/wp-content\/uploads\/2026\/01\/towards-the-summit-textured-abstract-acrylic-painting-768x502.jpg 768w, https:\/\/artbychiusbaian.com\/wp-content\/uploads\/2026\/01\/towards-the-summit-textured-abstract-acrylic-painting-1536x1005.jpg 1536w, https:\/\/artbychiusbaian.com\/wp-content\/uploads\/2026\/01\/towards-the-summit-textured-abstract-acrylic-painting.jpg 2000w\" sizes=\"auto, (max-width: 1024px) 100vw, 1024px\" \/><\/a><\/figure>\n<\/div>\n<\/div>\n\n\n\n<div class=\"wp-block-column is-layout-flow wp-block-column-is-layout-flow\">\n<div class=\"wp-block-group is-layout-constrained wp-block-group-is-layout-constrained\">\n<figure class=\"wp-block-image size-large featured-painting\"><a href=\"https:\/\/artbychiusbaian.com\/ro\/produs\/slowly-sinking-abstract-acrylic-painting\/\"><img loading=\"lazy\" decoding=\"async\" width=\"1024\" height=\"782\" src=\"https:\/\/artbychiusbaian.com\/wp-content\/uploads\/2026\/01\/textured-abstract-acrylic-painting-slowly-sinking-1024x782.jpg\" alt=\"Slowly Sinking abstract acrylic painting by Claudiu Chiusbaian, blue textured contemporary art\" class=\"wp-image-19\" srcset=\"https:\/\/artbychiusbaian.com\/wp-content\/uploads\/2026\/01\/textured-abstract-acrylic-painting-slowly-sinking-1024x782.jpg 1024w, https:\/\/artbychiusbaian.com\/wp-content\/uploads\/2026\/01\/textured-abstract-acrylic-painting-slowly-sinking-600x458.jpg 600w, https:\/\/artbychiusbaian.com\/wp-content\/uploads\/2026\/01\/textured-abstract-acrylic-painting-slowly-sinking-300x229.jpg 300w, https:\/\/artbychiusbaian.com\/wp-content\/uploads\/2026\/01\/textured-abstract-acrylic-painting-slowly-sinking-768x586.jpg 768w, https:\/\/artbychiusbaian.com\/wp-content\/uploads\/2026\/01\/textured-abstract-acrylic-painting-slowly-sinking-1536x1173.jpg 1536w, https:\/\/artbychiusbaian.com\/wp-content\/uploads\/2026\/01\/textured-abstract-acrylic-painting-slowly-sinking.jpg 2000w\" sizes=\"auto, (max-width: 1024px) 100vw, 1024px\" \/><\/a><\/figure>\n<\/div>\n<\/div>\n<\/div>\n\n\n\n<p><\/p>","protected":false},"excerpt":{"rendered":"<p>Contemporary Abstract Paintings by Claudiu Chiusb\u0103ian Original acrylic and oil paintings exploring balance, emotion and textured gesture through expressive color [&hellip;]<\/p>","protected":false},"author":1,"featured_media":0,"parent":0,"menu_order":0,"comment_status":"closed","ping_status":"closed","template":"","meta":{"om_disable_all_campaigns":false,"_monsterinsights_skip_tracking":false,"_monsterinsights_sitenote_active":false,"_monsterinsights_sitenote_note":"","_monsterinsights_sitenote_category":0,"site-sidebar-layout":"default","site-content-layout":"","ast-site-content-layout":"default","site-content-style":"default","site-sidebar-style":"default","ast-global-header-display":"","ast-banner-title-visibility":"","ast-main-header-display":"","ast-hfb-above-header-display":"","ast-hfb-below-header-display":"","ast-hfb-mobile-header-display":"","site-post-title":"disabled","ast-breadcrumbs-content":"","ast-featured-img":"","footer-sml-layout":"","ast-disable-related-posts":"","theme-transparent-header-meta":"","adv-header-id-meta":"","stick-header-meta":"","header-above-stick-meta":"","header-main-stick-meta":"","header-below-stick-meta":"","astra-migrate-meta-layouts":"default","ast-page-background-enabled":"default","ast-page-background-meta":{"desktop":{"background-color":"var(--ast-global-color-5)","background-image":"","background-repeat":"repeat","background-position":"center center","background-size":"auto","background-attachment":"scroll","background-type":"","background-media":"","overlay-type":"","overlay-color":"","overlay-opacity":"","overlay-gradient":""},"tablet":{"background-color":"","background-image":"","background-repeat":"repeat","background-position":"center center","background-size":"auto","background-attachment":"scroll","background-type":"","background-media":"","overlay-type":"","overlay-color":"","overlay-opacity":"","overlay-gradient":""},"mobile":{"background-color":"","background-image":"","background-repeat":"repeat","background-position":"center center","background-size":"auto","background-attachment":"scroll","background-type":"","background-media":"","overlay-type":"","overlay-color":"","overlay-opacity":"","overlay-gradient":""}},"ast-content-background-meta":{"desktop":{"background-color":"var(--ast-global-color-4)","background-image":"","background-repeat":"repeat","background-position":"center center","background-size":"auto","background-attachment":"scroll","background-type":"","background-media":"","overlay-type":"","overlay-color":"","overlay-opacity":"","overlay-gradient":""},"tablet":{"background-color":"var(--ast-global-color-4)","background-image":"","background-repeat":"repeat","background-position":"center center","background-size":"auto","background-attachment":"scroll","background-type":"","background-media":"","overlay-type":"","overlay-color":"","overlay-opacity":"","overlay-gradient":""},"mobile":{"background-color":"var(--ast-global-color-4)","background-image":"","background-repeat":"repeat","background-position":"center center","background-size":"auto","background-attachment":"scroll","background-type":"","background-media":"","overlay-type":"","overlay-color":"","overlay-opacity":"","overlay-gradient":""}},"footnotes":""},"class_list":["post-49","page","type-page","status-publish","hentry"],"aioseo_notices":[],"_hostinger_reach_plugin_has_subscription_block":false,"_hostinger_reach_plugin_is_elementor":false,"_links":{"self":[{"href":"https:\/\/artbychiusbaian.com\/ro\/wp-json\/wp\/v2\/pages\/49","targetHints":{"allow":["GET"]}}],"collection":[{"href":"https:\/\/artbychiusbaian.com\/ro\/wp-json\/wp\/v2\/pages"}],"about":[{"href":"https:\/\/artbychiusbaian.com\/ro\/wp-json\/wp\/v2\/types\/page"}],"author":[{"embeddable":true,"href":"https:\/\/artbychiusbaian.com\/ro\/wp-json\/wp\/v2\/users\/1"}],"replies":[{"embeddable":true,"href":"https:\/\/artbychiusbaian.com\/ro\/wp-json\/wp\/v2\/comments?post=49"}],"version-history":[{"count":42,"href":"https:\/\/artbychiusbaian.com\/ro\/wp-json\/wp\/v2\/pages\/49\/revisions"}],"predecessor-version":[{"id":171,"href":"https:\/\/artbychiusbaian.com\/ro\/wp-json\/wp\/v2\/pages\/49\/revisions\/171"}],"wp:attachment":[{"href":"https:\/\/artbychiusbaian.com\/ro\/wp-json\/wp\/v2\/media?parent=49"}],"curies":[{"name":"wp","href":"https:\/\/api.w.org\/{rel}","templated":true}]}}